{"id":52,"date":"2021-02-18T14:27:34","date_gmt":"2021-02-18T14:27:34","guid":{"rendered":"http:\/\/angel.freekru.pl\/?page_id=52"},"modified":"2023-08-22T13:12:10","modified_gmt":"2023-08-22T11:12:10","slug":"kontakt","status":"publish","type":"page","link":"https:\/\/angel.freekru.pl\/?page_id=52","title":{"rendered":"Kontakt"},"content":{"rendered":"<p style=\"text-align: justify;\">Terapie s\u0105 obecnie skutecznie prowadzone r\u00f3wnie\u017c on-line. Liczne badania potwirdzaj\u0105, \u017ce terapia on-line jest r\u00f3wnie efektywna jak leczenie bezpo\u015brednie.<\/p>\n<p><i class=\"fas fa-home\" style=\"font-size: 20px; color#ffffff; margin-right: 10px;\"><\/i> ul. Augusta Lewakowskiego 10, 38-400 Krosno<br \/><i class=\"fas fa-phone-alt\" style=\"font-size: 20px; color#ffffff; margin-right: 10px;\"><\/i>\u00a0tel.: 13 432 05 59<br \/><i class=\"fas fa-mobile-alt\" style=\"font-size: 25px; color: #fffff; margin-right: 15px;\"><\/i>\u00a0kom.: 662 323 337<br \/><i class=\"fab fa-skype\" style=\"font-size: 28px; color: #00aff0; margin-right: 5px;\"><\/i>\u00a0Skype: Maria Dreher (live:.cid.b9733bcc783f70b5)<br \/><i class=\"fab fa-facebook-messenger\" style=\"font-size: 26px; color: #00c6ff; margin-right: 5px;\"><\/i>\u00a0Messanger: maria.dreher.psycholog\u00a0<\/p>\n<div id=\"wpgmza_map\" class=\"wpgmza_map\" data-settings='{\"id\":\"1\",\"map_title\":\"Lewakowskiego\",\"map_width\":\"100\",\"map_height\":\"400\",\"map_start_lat\":\"49.6948588\",\"map_start_lng\":\"21.7533882\",\"map_start_location\":\"45.950464398418106,-109.81550500000003\",\"map_start_zoom\":\"15\",\"default_marker\":\"\",\"type\":\"1\",\"alignment\":\"4\",\"directions_enabled\":\"0\",\"styling_enabled\":\"0\",\"styling_json\":\"\",\"active\":\"0\",\"kml\":\"\",\"bicycle\":\"0\",\"traffic\":\"0\",\"dbox\":\"0\",\"dbox_width\":\"\",\"listmarkers\":\"0\",\"listmarkers_advanced\":\"0\",\"filterbycat\":\"0\",\"ugm_enabled\":\"0\",\"ugm_category_enabled\":\"0\",\"fusion\":\"\",\"map_width_type\":\"%\",\"map_height_type\":\"px\",\"mass_marker_support\":\"0\",\"ugm_access\":\"0\",\"order_markers_by\":\"0\",\"order_markers_choice\":\"0\",\"show_user_location\":\"0\",\"default_to\":\"\",\"other_settings\":{\"map_type\":1,\"sl_stroke_color\":\"\",\"sl_fill_color\":\"\",\"sl_stroke_opacity\":\"\",\"sl_fill_opacity\":\"\",\"transport_layer\":false,\"action\":\"wpgmza_save_map\",\"redirect_to\":\"\\\/wp-admin\\\/admin-post.php\",\"map_id\":\"1\",\"http_referer\":\"\\\/wp-admin\\\/admin.php?page=wp-google-maps-menu&amp;action=edit&amp;map_id=1\",\"wpgmza_id\":\"1\",\"wpgmza_start_location\":\"49.6948588,21.7533882\",\"wpgmza_start_zoom\":\"15\",\"wpgmza_theme_data\":\"\",\"store_locator_enabled\":false,\"store_locator_search_area\":\"radial\",\"wpgmza_store_locator_radius_style\":\"legacy\",\"wpgmza_store_locator_default_radius\":\"10\",\"store_locator_auto_area_max_zoom\":\"\",\"store_locator_distance\":false,\"wpgmza_store_locator_position\":false,\"store_locator_show_distance\":false,\"store_locator_category\":false,\"wpgmza_store_locator_use_their_location\":false,\"wpgmza_store_locator_bounce\":false,\"wpgmza_sl_animation\":null,\"wpgmza_store_locator_hide_before_search\":false,\"store_locator_query_string\":\"\",\"store_locator_default_address\":\"\",\"store_locator_name_search\":false,\"store_locator_name_string\":\"\",\"store_locator_not_found_message\":\"\",\"wpgmza_map_align\":\"1\",\"jump_to_nearest_marker_on_initialization\":false,\"automatically_pan_to_users_location\":false,\"override_users_location_zoom_level\":false,\"override_users_location_zoom_levels\":\"\",\"show_distance_from_location\":false,\"map_max_zoom\":\"21\",\"map_min_zoom\":\"0\",\"click_open_link\":false,\"fit_maps_bounds_to_markers\":false,\"fit_maps_bounds_to_markers_after_filtering\":false,\"hide_point_of_interest\":false,\"wpgmza_zoom_on_marker_click\":false,\"wpgmza_zoom_on_marker_click_slider\":\"\",\"close_infowindow_on_map_click\":false,\"disable_lightbox_images\":false,\"use_Raw_Jpeg_Coordinates\":false,\"polygon_labels\":false,\"disable_polygon_info_windows\":false,\"enable_marker_ratings\":false,\"only_load_markers_within_viewport\":false,\"iw_primary_color\":\"\",\"iw_accent_color\":\"\",\"iw_text_color\":\"\",\"wpgmza_listmarkers_by\":\"0\",\"wpgmza_marker_listing_position\":false,\"wpgmza_push_in_map\":false,\"wpgmza_push_in_map_placement\":null,\"wpgmza_push_in_map_width\":\"\",\"wpgmza_push_in_map_height\":\"\",\"datatable_no_result_message\":\"\",\"remove_search_box_datables\":false,\"dataTable_pagination_style\":null,\"datatable_search_string\":\"\",\"datatable_result_start\":\"\",\"datatable_result_of\":\"\",\"datatable_result_to\":\"\",\"datatable_result_total\":\"\",\"datatable_result_show\":\"\",\"datatable_result_entries\":\"\",\"wpgmza_savemap\":\"Zapisz map\\u0119 \\u00bb\"}}' data-map-id='1' Data-maps-engine='google-maps' data-shortcode-attributes='{\"id\":\"1\"}' style=\"display:block; overflow:auto; width:100%; height:400px; float:left;\"><\/div>\n\n\n<div style=\"height:30px\" aria-hidden=\"true\" class=\"wp-block-spacer\"><\/div>\n\n\n\n<p><\/p>\n","protected":false},"excerpt":{"rendered":"<p>Terapie s\u0105 obecnie skutecznie prowadzone r\u00f3wnie\u017c on-line. Liczne badania potwirdzaj\u0105, \u017ce terapia on-line jest r\u00f3wnie efektywna jak leczenie bezpo\u015brednie. ul. Augusta Lewakowskiego 10, 38-400 Krosno\u00a0tel.: 13 432 05 59\u00a0kom.: 662 323 337\u00a0Skype: Maria Dreher (live:.cid.b9733bcc783f70b5)\u00a0Messanger: maria.dreher.psycholog\u00a0<\/p>\n","protected":false},"author":1,"featured_media":0,"parent":0,"menu_order":0,"comment_status":"closed","ping_status":"closed","template":"","meta":{"footnotes":""},"class_list":["post-52","page","type-page","status-publish","hentry"],"yoast_head":"<!-- This site is optimized with the Yoast SEO plugin v27.4 - https:\/\/yoast.com\/product\/yoast-seo-wordpress\/ -->\n<title>Kontakt - Maria Dreher psycholog psychoterapeuta Krosno Podkarpacie<\/title>\n<meta name=\"description\" content=\"Maria Dreher psycholog i psychoterapeuta, kt\u00f3ry ceni sobie kontakt z drugim cz\u0142owiekiem w atmosferze ciep\u0142a, akceptacji i zrozumienia.\" \/>\n<meta name=\"robots\" content=\"index, follow, max-snippet:-1, max-image-preview:large, max-video-preview:-1\" \/>\n<link rel=\"canonical\" href=\"https:\/\/angel.freekru.pl\/?page_id=52\" \/>\n<meta property=\"og:locale\" content=\"pl_PL\" \/>\n<meta property=\"og:type\" content=\"article\" \/>\n<meta property=\"og:title\" content=\"Kontakt - Maria Dreher psycholog psychoterapeuta Krosno Podkarpacie\" \/>\n<meta property=\"og:description\" content=\"Maria Dreher psycholog i psychoterapeuta, kt\u00f3ry ceni sobie kontakt z drugim cz\u0142owiekiem w atmosferze ciep\u0142a, akceptacji i zrozumienia.\" \/>\n<meta property=\"og:url\" content=\"https:\/\/angel.freekru.pl\/?page_id=52\" \/>\n<meta property=\"og:site_name\" content=\"Maria Dreher\" \/>\n<meta property=\"article:modified_time\" content=\"2023-08-22T11:12:10+00:00\" \/>\n<meta name=\"twitter:card\" content=\"summary_large_image\" \/>\n<meta name=\"twitter:label1\" content=\"Szacowany czas czytania\" \/>\n\t<meta name=\"twitter:data1\" content=\"1 minuta\" \/>\n<script type=\"application\/ld+json\" class=\"yoast-schema-graph\">{\"@context\":\"https:\\\/\\\/schema.org\",\"@graph\":[{\"@type\":[\"WebPage\",\"ContactPage\"],\"@id\":\"https:\\\/\\\/angel.freekru.pl\\\/?page_id=52\",\"url\":\"https:\\\/\\\/angel.freekru.pl\\\/?page_id=52\",\"name\":\"Kontakt - Maria Dreher psycholog psychoterapeuta Krosno Podkarpacie\",\"isPartOf\":{\"@id\":\"https:\\\/\\\/angel.freekru.pl\\\/#website\"},\"datePublished\":\"2021-02-18T14:27:34+00:00\",\"dateModified\":\"2023-08-22T11:12:10+00:00\",\"description\":\"Maria Dreher psycholog i psychoterapeuta, kt\u00f3ry ceni sobie kontakt z drugim cz\u0142owiekiem w atmosferze ciep\u0142a, akceptacji i zrozumienia.\",\"breadcrumb\":{\"@id\":\"https:\\\/\\\/angel.freekru.pl\\\/?page_id=52#breadcrumb\"},\"inLanguage\":\"pl-PL\",\"potentialAction\":[{\"@type\":\"ReadAction\",\"target\":[\"https:\\\/\\\/angel.freekru.pl\\\/?page_id=52\"]}]},{\"@type\":\"BreadcrumbList\",\"@id\":\"https:\\\/\\\/angel.freekru.pl\\\/?page_id=52#breadcrumb\",\"itemListElement\":[{\"@type\":\"ListItem\",\"position\":1,\"name\":\"Strona g\u0142\u00f3wna\",\"item\":\"https:\\\/\\\/angel.freekru.pl\\\/\"},{\"@type\":\"ListItem\",\"position\":2,\"name\":\"Kontakt\"}]},{\"@type\":\"WebSite\",\"@id\":\"https:\\\/\\\/angel.freekru.pl\\\/#website\",\"url\":\"https:\\\/\\\/angel.freekru.pl\\\/\",\"name\":\"Maria Dreher\",\"description\":\"Psycholog, psychoterapeuta\",\"publisher\":{\"@id\":\"https:\\\/\\\/angel.freekru.pl\\\/#\\\/schema\\\/person\\\/4b6fce155935709f416d861d0e206dde\"},\"potentialAction\":[{\"@type\":\"SearchAction\",\"target\":{\"@type\":\"EntryPoint\",\"urlTemplate\":\"https:\\\/\\\/angel.freekru.pl\\\/?s={search_term_string}\"},\"query-input\":{\"@type\":\"PropertyValueSpecification\",\"valueRequired\":true,\"valueName\":\"search_term_string\"}}],\"inLanguage\":\"pl-PL\"},{\"@type\":[\"Person\",\"Organization\"],\"@id\":\"https:\\\/\\\/angel.freekru.pl\\\/#\\\/schema\\\/person\\\/4b6fce155935709f416d861d0e206dde\",\"name\":\"Maria\",\"image\":{\"@type\":\"ImageObject\",\"inLanguage\":\"pl-PL\",\"@id\":\"https:\\\/\\\/angel.freekru.pl\\\/wp-content\\\/uploads\\\/2021\\\/03\\\/maria.dreher_100.jpg\",\"url\":\"https:\\\/\\\/angel.freekru.pl\\\/wp-content\\\/uploads\\\/2021\\\/03\\\/maria.dreher_100.jpg\",\"contentUrl\":\"https:\\\/\\\/angel.freekru.pl\\\/wp-content\\\/uploads\\\/2021\\\/03\\\/maria.dreher_100.jpg\",\"width\":750,\"height\":750,\"caption\":\"Maria\"},\"logo\":{\"@id\":\"https:\\\/\\\/angel.freekru.pl\\\/wp-content\\\/uploads\\\/2021\\\/03\\\/maria.dreher_100.jpg\"},\"sameAs\":[\"http:\\\/\\\/angel.freekru.pl\"]}]}<\/script>\n<!-- \/ Yoast SEO plugin. -->","yoast_head_json":{"title":"Kontakt - Maria Dreher psycholog psychoterapeuta Krosno Podkarpacie","description":"Maria Dreher psycholog i psychoterapeuta, kt\u00f3ry ceni sobie kontakt z drugim cz\u0142owiekiem w atmosferze ciep\u0142a, akceptacji i zrozumienia.","robots":{"index":"index","follow":"follow","max-snippet":"max-snippet:-1","max-image-preview":"max-image-preview:large","max-video-preview":"max-video-preview:-1"},"canonical":"https:\/\/angel.freekru.pl\/?page_id=52","og_locale":"pl_PL","og_type":"article","og_title":"Kontakt - Maria Dreher psycholog psychoterapeuta Krosno Podkarpacie","og_description":"Maria Dreher psycholog i psychoterapeuta, kt\u00f3ry ceni sobie kontakt z drugim cz\u0142owiekiem w atmosferze ciep\u0142a, akceptacji i zrozumienia.","og_url":"https:\/\/angel.freekru.pl\/?page_id=52","og_site_name":"Maria Dreher","article_modified_time":"2023-08-22T11:12:10+00:00","twitter_card":"summary_large_image","twitter_misc":{"Szacowany czas czytania":"1 minuta"},"schema":{"@context":"https:\/\/schema.org","@graph":[{"@type":["WebPage","ContactPage"],"@id":"https:\/\/angel.freekru.pl\/?page_id=52","url":"https:\/\/angel.freekru.pl\/?page_id=52","name":"Kontakt - Maria Dreher psycholog psychoterapeuta Krosno Podkarpacie","isPartOf":{"@id":"https:\/\/angel.freekru.pl\/#website"},"datePublished":"2021-02-18T14:27:34+00:00","dateModified":"2023-08-22T11:12:10+00:00","description":"Maria Dreher psycholog i psychoterapeuta, kt\u00f3ry ceni sobie kontakt z drugim cz\u0142owiekiem w atmosferze ciep\u0142a, akceptacji i zrozumienia.","breadcrumb":{"@id":"https:\/\/angel.freekru.pl\/?page_id=52#breadcrumb"},"inLanguage":"pl-PL","potentialAction":[{"@type":"ReadAction","target":["https:\/\/angel.freekru.pl\/?page_id=52"]}]},{"@type":"BreadcrumbList","@id":"https:\/\/angel.freekru.pl\/?page_id=52#breadcrumb","itemListElement":[{"@type":"ListItem","position":1,"name":"Strona g\u0142\u00f3wna","item":"https:\/\/angel.freekru.pl\/"},{"@type":"ListItem","position":2,"name":"Kontakt"}]},{"@type":"WebSite","@id":"https:\/\/angel.freekru.pl\/#website","url":"https:\/\/angel.freekru.pl\/","name":"Maria Dreher","description":"Psycholog, psychoterapeuta","publisher":{"@id":"https:\/\/angel.freekru.pl\/#\/schema\/person\/4b6fce155935709f416d861d0e206dde"},"potentialAction":[{"@type":"SearchAction","target":{"@type":"EntryPoint","urlTemplate":"https:\/\/angel.freekru.pl\/?s={search_term_string}"},"query-input":{"@type":"PropertyValueSpecification","valueRequired":true,"valueName":"search_term_string"}}],"inLanguage":"pl-PL"},{"@type":["Person","Organization"],"@id":"https:\/\/angel.freekru.pl\/#\/schema\/person\/4b6fce155935709f416d861d0e206dde","name":"Maria","image":{"@type":"ImageObject","inLanguage":"pl-PL","@id":"https:\/\/angel.freekru.pl\/wp-content\/uploads\/2021\/03\/maria.dreher_100.jpg","url":"https:\/\/angel.freekru.pl\/wp-content\/uploads\/2021\/03\/maria.dreher_100.jpg","contentUrl":"https:\/\/angel.freekru.pl\/wp-content\/uploads\/2021\/03\/maria.dreher_100.jpg","width":750,"height":750,"caption":"Maria"},"logo":{"@id":"https:\/\/angel.freekru.pl\/wp-content\/uploads\/2021\/03\/maria.dreher_100.jpg"},"sameAs":["http:\/\/angel.freekru.pl"]}]}},"_links":{"self":[{"href":"https:\/\/angel.freekru.pl\/index.php?rest_route=\/wp\/v2\/pages\/52","targetHints":{"allow":["GET"]}}],"collection":[{"href":"https:\/\/angel.freekru.pl\/index.php?rest_route=\/wp\/v2\/pages"}],"about":[{"href":"https:\/\/angel.freekru.pl\/index.php?rest_route=\/wp\/v2\/types\/page"}],"author":[{"embeddable":true,"href":"https:\/\/angel.freekru.pl\/index.php?rest_route=\/wp\/v2\/users\/1"}],"replies":[{"embeddable":true,"href":"https:\/\/angel.freekru.pl\/index.php?rest_route=%2Fwp%2Fv2%2Fcomments&post=52"}],"version-history":[{"count":14,"href":"https:\/\/angel.freekru.pl\/index.php?rest_route=\/wp\/v2\/pages\/52\/revisions"}],"predecessor-version":[{"id":370,"href":"https:\/\/angel.freekru.pl\/index.php?rest_route=\/wp\/v2\/pages\/52\/revisions\/370"}],"wp:attachment":[{"href":"https:\/\/angel.freekru.pl\/index.php?rest_route=%2Fwp%2Fv2%2Fmedia&parent=52"}],"curies":[{"name":"wp","href":"https:\/\/api.w.org\/{rel}","templated":true}]}}