{"id":36,"date":"2021-02-18T12:55:05","date_gmt":"2021-02-18T12:55:05","guid":{"rendered":"http:\/\/angel.freekru.pl\/?page_id=36"},"modified":"2021-03-29T11:16:03","modified_gmt":"2021-03-29T09:16:03","slug":"strona-glowna","status":"publish","type":"page","link":"https:\/\/angel.freekru.pl\/?page_id=36","title":{"rendered":"Strona g\u0142\u00f3wna"},"content":{"rendered":"\n<a href=\"#twitter\">Twitter<\/a>\n<a href=\"#instagram>Instagram<\/a>\n<a href=\" #facebook=\"\">Facebook<\/a>\n\n\n\n<h2 class=\"wp-block-heading\">Psycholog kontakt &#8211; Krosno, Podkarpacie<\/h2>\n\n\n\n<p>Psycholog i psychoterapeuta, kt\u00f3ry ceni sobie kontakt z drugim cz\u0142owiekiem, w atmosferze ciep\u0142a, akceptacji i zrozumienia. Gabinet w Kro\u015bnie oraz terapie on-line.<\/p>\n\n\n\n<p>ul. Augusta Lewakowskiego 10, 38-400 Krosno, Podkarpacie<\/p>\n\n\n<h2>O mnie &#8211; psycholog Krosno, Podkarpacie<\/h2>\n\n\n<p>Jestem psychologiem, ze specjalno\u015bci\u0105 psychologia kliniczna na Uniwersytecie SWPS w Warszawie. Nale\u017c\u0119 do Polskiego Towarzystwa Terapii Poznawczej i Behawioralnej. Dalsz\u0105 wiedz\u0119 zdobywam w szkole Psychoterapii Poznawczo-Behawioralnej Uniwersytetu SWPS.<\/p>\n\n\n\n<p>Swoje do\u015bwiadczenie zdobywa\u0142am m.in. w Samodzielnym Publicznym Psychiatrycznym Zak\u0142adzie Opieku\u0144czo-Leczniczym w Celejowie, oraz na jego oddziale w Na\u0142\u0119czowie, gdzie prowadzi\u0142am filmoterapi\u0119 grupow\u0105, opart\u0105 na audiowizualnych technologiach. Poszerzam swoj\u0105 wiedz\u0119 na szkoleniach w kraju i za granic\u0105.<\/p>\n\n\n\n<p>Specjalizuj\u0119 si\u0119 w nurcie psychoterapii Poznawczo-Behawioralnej \u2013 jednym z najlepiej zbadanych i najskuteczniejszych podej\u015b\u0107 terapeutycznych.<\/p>\n\n\n\n<p>Ze wzgl\u0119Idu na sytuacj\u0119 epidemiologiczn\u0105 obecnie skutecznie prowadz\u0119 terapie zdalnie.<\/p>\n\n\n\n<p>Przyjmuj\u0119 w Kro\u015bnie, Podkarpacie<\/p>\n\n\n\n<a id=\"instagram\">Instagram<\/a>\n<a href=\"https:\/\/https:\/\/www.instagram.com\/psychologdreher\/\">Instagram<\/a>\n\n\n\n<a id=\"facebook\">Facebook<\/a>\n<a href=\"https:\/\/https:\/\/www.facebook.com\/maria.dreher.psychoterapeuta\"> Facebook<\/a>\n\n\n\n<a id=\"twitter\">Twitter<\/a>\n<a href=\"https:\/\/https:\/\/twitter.com\/PsychologDreher\">Twitter<\/a>\n\n\n\n<figure class=\"wp-block-embed is-type-rich is-provider-twitter wp-block-embed-twitter\"><div class=\"wp-block-embed__wrapper\">\n<a class=\"twitter-timeline\" data-width=\"640\" data-height=\"960\" data-dnt=\"true\" href=\"https:\/\/twitter.com\/PsychologDreher?ref_src=twsrc%5Etfw\">Tweets by PsychologDreher<\/a><script async src=\"https:\/\/platform.twitter.com\/widgets.js\" charset=\"utf-8\"><\/script>\n<\/div><\/figure>\n\n\n\n<h2 class=\"wp-block-heading\">Terapia Poznawczo-Behawioralna<\/h2>\n\n\n\n<p>Badania z 2013 roku \u201cThe Effectiveness of Telemental Health: A 2013 Review\u201d wskazuj\u0105 na to, \u017ce tego rodzaju wsparcie jest skuteczne, a nawet sprzyja funkcjonowaniu opieki zdrowotnej, zwi\u0119kszaj\u0105c do niej dost\u0119p. Kolejne badania, z 2014 roku opublikowane w Journal of Affective Disorders potwierdzaj\u0105, \u017ce terapia on-line mo\u017ce by\u0107 tak samo skuteczna, jak forma tradycyjna w leczeniu depresji. Z kolei badanie z 2018 roku opublikowane w Journal of Psychological Disorders wykaza\u0142o, \u017ce internetowa terapia poznawczo-behawioralna to \u201eskuteczna, akceptowalna i praktyczna opieka zdrowotna\u201d. Jest ona bowiem r\u00f3wnie skuteczna, jak bezpo\u015brednie leczenie powa\u017cnej depresji, atak\u00f3w paniki, l\u0119ku spo\u0142ecznego i l\u0119ku uog\u00f3lnionego<\/p>\n\n\n\n<p><strong>Psychoterapia poznawczo-behawioralna<\/strong>&nbsp;(ang.&nbsp;<em>cognitive-behavioral therapy<\/em>&nbsp;\u2013 CBT) \u2013 metoda leczenia zaburze\u0144 psychicznych, trudno\u015bci emocjonalnych oraz problematycznych zachowa\u0144.<\/p>\n\n\n\n<p>Psychoterapia poznawczo-behawioralna, to grupa terapii odwo\u0142uj\u0105cych si\u0119 do wsp\u00f3lnych za\u0142o\u017ce\u0144 teoretycznych, zgodnie z kt\u00f3rymi objawy psychopatologiczne, dysfunkcjonalne zachowania i emocje jednostki mo\u017cna wyja\u015bni\u0107 na podstawie teorii uczenia si\u0119 i uwzgl\u0119dnienia po\u015brednicz\u0105cej roli proces\u00f3w poznawczych. Cel terapii dotyczy skutecznej poprawy jako\u015bci \u017cycia pacjenta, co osi\u0105ga si\u0119 poprzez modyfikacj\u0119 zachowa\u0144 i sposobu my\u015blenia. Zasadnicze cechy procesu terapii stanowi\u0105: oparcie na wsp\u00f3\u0142pracy mi\u0119dzy terapeut\u0105 a pacjentem, zorientowanie na rozwi\u0105zanie problemu, skupienie na tera\u017aniejszo\u015bci (z uwzgl\u0119dnieniem mechanizm\u00f3w psychorozwojowych powstawania zaburze\u0144 i dysfunkcji), ograniczenie w czasie oraz stosowanie odpowiednich technik terapeutycznych. Skuteczno\u015b\u0107 oddzia\u0142ywa\u0144 psychoterapeutycznych jest poddawana ocenie, analogicznie do oceny skuteczno\u015bci farmakoterapii \u2013 w badaniach eksperymentalnych wpisanych w nurt medycyny opartej na dowodach naukowych (ang.&nbsp;<em>evidence based medicine<\/em>&nbsp;\u2013 EBM)<\/p>\n\n\n\n<figure class=\"wp-block-image size-large\"><img decoding=\"async\" src=\"https:\/\/angel.freekru.pl\/wp-content\/uploads\/2021\/03\/maria.dreher_100.jpg\" alt=\"Maria Dreher, psycholog Krosno\" class=\"wp-image-273\" loading=\"lazy\" \/><\/figure>\n\n\n\n<p><\/p>\n","protected":false},"excerpt":{"rendered":"<p>Twitter Facebook Psycholog kontakt &#8211; Krosno, Podkarpacie Psycholog i psychoterapeuta, kt\u00f3ry ceni sobie kontakt z drugim cz\u0142owiekiem, w atmosferze ciep\u0142a, akceptacji i zrozumienia. Gabinet w Kro\u015bnie oraz terapie on-line. ul. Augusta Lewakowskiego 10, 38-400 Krosno, Podkarpacie O mnie &#8211; psycholog Krosno, Podkarpacie Jestem psychologiem, ze specjalno\u015bci\u0105 psychologia kliniczna na Uniwersytecie SWPS w Warszawie. Nale\u017c\u0119 do [&hellip;]<\/p>\n","protected":false},"author":1,"featured_media":0,"parent":0,"menu_order":0,"comment_status":"closed","ping_status":"closed","template":"template-homepage.php","meta":{"footnotes":""},"class_list":["post-36","page","type-page","status-publish","hentry"],"yoast_head":"<!-- This site is optimized with the Yoast SEO plugin v27.4 - https:\/\/yoast.com\/product\/yoast-seo-wordpress\/ -->\n<title>Mgr Maria Dreher - psycholog psychoterapeuta Krosno Podkarpacie<\/title>\n<meta name=\"description\" content=\"Psycholog i psychoterapeuta, kt\u00f3ry ceni sobie kontakt z drugim cz\u0142owiekiem w atmosferze ciep\u0142a, akceptacji i zrozumienia. Gabinet w Kro\u015bnie.\" \/>\n<meta name=\"robots\" content=\"index, follow, max-snippet:-1, max-image-preview:large, max-video-preview:-1\" \/>\n<link rel=\"canonical\" href=\"https:\/\/angel.freekru.pl\/?page_id=36\" \/>\n<meta property=\"og:locale\" content=\"pl_PL\" \/>\n<meta property=\"og:type\" content=\"article\" \/>\n<meta property=\"og:title\" content=\"Mgr Maria Dreher - psycholog psychoterapeuta Krosno Podkarpacie\" \/>\n<meta property=\"og:description\" content=\"Psycholog i psychoterapeuta, kt\u00f3ry ceni sobie kontakt z drugim cz\u0142owiekiem w atmosferze ciep\u0142a, akceptacji i zrozumienia. Gabinet w Kro\u015bnie.\" \/>\n<meta property=\"og:url\" content=\"https:\/\/angel.freekru.pl\/?page_id=36\" \/>\n<meta property=\"og:site_name\" content=\"Maria Dreher\" \/>\n<meta property=\"article:modified_time\" content=\"2021-03-29T09:16:03+00:00\" \/>\n<meta property=\"og:image\" content=\"https:\/\/angel.freekru.pl\/wp-content\/uploads\/2021\/03\/maria.dreher_100.jpg\" \/>\n\t<meta property=\"og:image:width\" content=\"750\" \/>\n\t<meta property=\"og:image:height\" content=\"750\" \/>\n\t<meta property=\"og:image:type\" content=\"image\/jpeg\" \/>\n<meta name=\"twitter:card\" content=\"summary_large_image\" \/>\n<meta name=\"twitter:label1\" content=\"Szacowany czas czytania\" \/>\n\t<meta name=\"twitter:data1\" content=\"2 minuty\" \/>\n<script type=\"application\/ld+json\" class=\"yoast-schema-graph\">{\"@context\":\"https:\\\/\\\/schema.org\",\"@graph\":[{\"@type\":\"WebPage\",\"@id\":\"https:\\\/\\\/angel.freekru.pl\\\/?page_id=36\",\"url\":\"https:\\\/\\\/angel.freekru.pl\\\/?page_id=36\",\"name\":\"Mgr Maria Dreher - psycholog psychoterapeuta Krosno Podkarpacie\",\"isPartOf\":{\"@id\":\"https:\\\/\\\/angel.freekru.pl\\\/#website\"},\"primaryImageOfPage\":{\"@id\":\"https:\\\/\\\/angel.freekru.pl\\\/?page_id=36#primaryimage\"},\"image\":{\"@id\":\"https:\\\/\\\/angel.freekru.pl\\\/?page_id=36#primaryimage\"},\"thumbnailUrl\":\"https:\\\/\\\/angel.freekru.pl\\\/wp-content\\\/uploads\\\/2021\\\/03\\\/maria.dreher_100.jpg\",\"datePublished\":\"2021-02-18T12:55:05+00:00\",\"dateModified\":\"2021-03-29T09:16:03+00:00\",\"description\":\"Psycholog i psychoterapeuta, kt\u00f3ry ceni sobie kontakt z drugim cz\u0142owiekiem w atmosferze ciep\u0142a, akceptacji i zrozumienia. Gabinet w Kro\u015bnie.\",\"breadcrumb\":{\"@id\":\"https:\\\/\\\/angel.freekru.pl\\\/?page_id=36#breadcrumb\"},\"inLanguage\":\"pl-PL\",\"potentialAction\":[{\"@type\":\"ReadAction\",\"target\":[\"https:\\\/\\\/angel.freekru.pl\\\/?page_id=36\"]}]},{\"@type\":\"ImageObject\",\"inLanguage\":\"pl-PL\",\"@id\":\"https:\\\/\\\/angel.freekru.pl\\\/?page_id=36#primaryimage\",\"url\":\"https:\\\/\\\/angel.freekru.pl\\\/wp-content\\\/uploads\\\/2021\\\/03\\\/maria.dreher_100.jpg\",\"contentUrl\":\"https:\\\/\\\/angel.freekru.pl\\\/wp-content\\\/uploads\\\/2021\\\/03\\\/maria.dreher_100.jpg\"},{\"@type\":\"BreadcrumbList\",\"@id\":\"https:\\\/\\\/angel.freekru.pl\\\/?page_id=36#breadcrumb\",\"itemListElement\":[{\"@type\":\"ListItem\",\"position\":1,\"name\":\"Strona g\u0142\u00f3wna\",\"item\":\"https:\\\/\\\/angel.freekru.pl\\\/\"},{\"@type\":\"ListItem\",\"position\":2,\"name\":\"Strona g\u0142\u00f3wna\"}]},{\"@type\":\"WebSite\",\"@id\":\"https:\\\/\\\/angel.freekru.pl\\\/#website\",\"url\":\"https:\\\/\\\/angel.freekru.pl\\\/\",\"name\":\"Maria Dreher\",\"description\":\"Psycholog, psychoterapeuta\",\"publisher\":{\"@id\":\"https:\\\/\\\/angel.freekru.pl\\\/#\\\/schema\\\/person\\\/4b6fce155935709f416d861d0e206dde\"},\"potentialAction\":[{\"@type\":\"SearchAction\",\"target\":{\"@type\":\"EntryPoint\",\"urlTemplate\":\"https:\\\/\\\/angel.freekru.pl\\\/?s={search_term_string}\"},\"query-input\":{\"@type\":\"PropertyValueSpecification\",\"valueRequired\":true,\"valueName\":\"search_term_string\"}}],\"inLanguage\":\"pl-PL\"},{\"@type\":[\"Person\",\"Organization\"],\"@id\":\"https:\\\/\\\/angel.freekru.pl\\\/#\\\/schema\\\/person\\\/4b6fce155935709f416d861d0e206dde\",\"name\":\"Maria\",\"image\":{\"@type\":\"ImageObject\",\"inLanguage\":\"pl-PL\",\"@id\":\"https:\\\/\\\/angel.freekru.pl\\\/wp-content\\\/uploads\\\/2021\\\/03\\\/maria.dreher_100.jpg\",\"url\":\"https:\\\/\\\/angel.freekru.pl\\\/wp-content\\\/uploads\\\/2021\\\/03\\\/maria.dreher_100.jpg\",\"contentUrl\":\"https:\\\/\\\/angel.freekru.pl\\\/wp-content\\\/uploads\\\/2021\\\/03\\\/maria.dreher_100.jpg\",\"width\":750,\"height\":750,\"caption\":\"Maria\"},\"logo\":{\"@id\":\"https:\\\/\\\/angel.freekru.pl\\\/wp-content\\\/uploads\\\/2021\\\/03\\\/maria.dreher_100.jpg\"},\"sameAs\":[\"http:\\\/\\\/angel.freekru.pl\"]}]}<\/script>\n<!-- \/ Yoast SEO plugin. -->","yoast_head_json":{"title":"Mgr Maria Dreher - psycholog psychoterapeuta Krosno Podkarpacie","description":"Psycholog i psychoterapeuta, kt\u00f3ry ceni sobie kontakt z drugim cz\u0142owiekiem w atmosferze ciep\u0142a, akceptacji i zrozumienia. Gabinet w Kro\u015bnie.","robots":{"index":"index","follow":"follow","max-snippet":"max-snippet:-1","max-image-preview":"max-image-preview:large","max-video-preview":"max-video-preview:-1"},"canonical":"https:\/\/angel.freekru.pl\/?page_id=36","og_locale":"pl_PL","og_type":"article","og_title":"Mgr Maria Dreher - psycholog psychoterapeuta Krosno Podkarpacie","og_description":"Psycholog i psychoterapeuta, kt\u00f3ry ceni sobie kontakt z drugim cz\u0142owiekiem w atmosferze ciep\u0142a, akceptacji i zrozumienia. Gabinet w Kro\u015bnie.","og_url":"https:\/\/angel.freekru.pl\/?page_id=36","og_site_name":"Maria Dreher","article_modified_time":"2021-03-29T09:16:03+00:00","og_image":[{"width":750,"height":750,"url":"https:\/\/angel.freekru.pl\/wp-content\/uploads\/2021\/03\/maria.dreher_100.jpg","type":"image\/jpeg"}],"twitter_card":"summary_large_image","twitter_misc":{"Szacowany czas czytania":"2 minuty"},"schema":{"@context":"https:\/\/schema.org","@graph":[{"@type":"WebPage","@id":"https:\/\/angel.freekru.pl\/?page_id=36","url":"https:\/\/angel.freekru.pl\/?page_id=36","name":"Mgr Maria Dreher - psycholog psychoterapeuta Krosno Podkarpacie","isPartOf":{"@id":"https:\/\/angel.freekru.pl\/#website"},"primaryImageOfPage":{"@id":"https:\/\/angel.freekru.pl\/?page_id=36#primaryimage"},"image":{"@id":"https:\/\/angel.freekru.pl\/?page_id=36#primaryimage"},"thumbnailUrl":"https:\/\/angel.freekru.pl\/wp-content\/uploads\/2021\/03\/maria.dreher_100.jpg","datePublished":"2021-02-18T12:55:05+00:00","dateModified":"2021-03-29T09:16:03+00:00","description":"Psycholog i psychoterapeuta, kt\u00f3ry ceni sobie kontakt z drugim cz\u0142owiekiem w atmosferze ciep\u0142a, akceptacji i zrozumienia. Gabinet w Kro\u015bnie.","breadcrumb":{"@id":"https:\/\/angel.freekru.pl\/?page_id=36#breadcrumb"},"inLanguage":"pl-PL","potentialAction":[{"@type":"ReadAction","target":["https:\/\/angel.freekru.pl\/?page_id=36"]}]},{"@type":"ImageObject","inLanguage":"pl-PL","@id":"https:\/\/angel.freekru.pl\/?page_id=36#primaryimage","url":"https:\/\/angel.freekru.pl\/wp-content\/uploads\/2021\/03\/maria.dreher_100.jpg","contentUrl":"https:\/\/angel.freekru.pl\/wp-content\/uploads\/2021\/03\/maria.dreher_100.jpg"},{"@type":"BreadcrumbList","@id":"https:\/\/angel.freekru.pl\/?page_id=36#breadcrumb","itemListElement":[{"@type":"ListItem","position":1,"name":"Strona g\u0142\u00f3wna","item":"https:\/\/angel.freekru.pl\/"},{"@type":"ListItem","position":2,"name":"Strona g\u0142\u00f3wna"}]},{"@type":"WebSite","@id":"https:\/\/angel.freekru.pl\/#website","url":"https:\/\/angel.freekru.pl\/","name":"Maria Dreher","description":"Psycholog, psychoterapeuta","publisher":{"@id":"https:\/\/angel.freekru.pl\/#\/schema\/person\/4b6fce155935709f416d861d0e206dde"},"potentialAction":[{"@type":"SearchAction","target":{"@type":"EntryPoint","urlTemplate":"https:\/\/angel.freekru.pl\/?s={search_term_string}"},"query-input":{"@type":"PropertyValueSpecification","valueRequired":true,"valueName":"search_term_string"}}],"inLanguage":"pl-PL"},{"@type":["Person","Organization"],"@id":"https:\/\/angel.freekru.pl\/#\/schema\/person\/4b6fce155935709f416d861d0e206dde","name":"Maria","image":{"@type":"ImageObject","inLanguage":"pl-PL","@id":"https:\/\/angel.freekru.pl\/wp-content\/uploads\/2021\/03\/maria.dreher_100.jpg","url":"https:\/\/angel.freekru.pl\/wp-content\/uploads\/2021\/03\/maria.dreher_100.jpg","contentUrl":"https:\/\/angel.freekru.pl\/wp-content\/uploads\/2021\/03\/maria.dreher_100.jpg","width":750,"height":750,"caption":"Maria"},"logo":{"@id":"https:\/\/angel.freekru.pl\/wp-content\/uploads\/2021\/03\/maria.dreher_100.jpg"},"sameAs":["http:\/\/angel.freekru.pl"]}]}},"_links":{"self":[{"href":"https:\/\/angel.freekru.pl\/index.php?rest_route=\/wp\/v2\/pages\/36","targetHints":{"allow":["GET"]}}],"collection":[{"href":"https:\/\/angel.freekru.pl\/index.php?rest_route=\/wp\/v2\/pages"}],"about":[{"href":"https:\/\/angel.freekru.pl\/index.php?rest_route=\/wp\/v2\/types\/page"}],"author":[{"embeddable":true,"href":"https:\/\/angel.freekru.pl\/index.php?rest_route=\/wp\/v2\/users\/1"}],"replies":[{"embeddable":true,"href":"https:\/\/angel.freekru.pl\/index.php?rest_route=%2Fwp%2Fv2%2Fcomments&post=36"}],"version-history":[{"count":9,"href":"https:\/\/angel.freekru.pl\/index.php?rest_route=\/wp\/v2\/pages\/36\/revisions"}],"predecessor-version":[{"id":287,"href":"https:\/\/angel.freekru.pl\/index.php?rest_route=\/wp\/v2\/pages\/36\/revisions\/287"}],"wp:attachment":[{"href":"https:\/\/angel.freekru.pl\/index.php?rest_route=%2Fwp%2Fv2%2Fmedia&parent=36"}],"curies":[{"name":"wp","href":"https:\/\/api.w.org\/{rel}","templated":true}]}}